{"id":1468,"date":"2024-04-05T17:24:27","date_gmt":"2024-04-05T17:24:27","guid":{"rendered":"https:\/\/iclrc.unm.edu\/clasic\/?page_id=1468"},"modified":"2024-04-11T19:50:48","modified_gmt":"2024-04-11T19:50:48","slug":"sisoka-duta","status":"publish","type":"page","link":"https:\/\/iclrc.unm.edu\/clasic\/sisoka-duta\/","title":{"rendered":"\u0160i\u0161\u00f3ka D\u00fata"},"content":{"rendered":"\t\t<div data-elementor-type=\"wp-page\" data-elementor-id=\"1468\" class=\"elementor elementor-1468\">\n\t\t\t\t\t\t\t<div class=\"elementor-element elementor-element-eae8c3b e-flex e-con-boxed e-con e-parent\" data-id=\"eae8c3b\" data-element_type=\"container\" data-settings=\"{&quot;background_background&quot;:&quot;classic&quot;,&quot;content_width&quot;:&quot;boxed&quot;}\" data-core-v316-plus=\"true\">\n\t\t\t\t\t<div class=\"e-con-inner\">\n\t\t\t\t<div class=\"elementor-element elementor-element-9cd2356 elementor-widget elementor-widget-heading\" data-id=\"9cd2356\" data-element_type=\"widget\" data-widget_type=\"heading.default\">\n\t\t\t\t<div class=\"elementor-widget-container\">\n\t\t\t<style>\/*! elementor - v3.17.0 - 25-10-2023 *\/\n.elementor-heading-title{padding:0;margin:0;line-height:1}.elementor-widget-heading .elementor-heading-title[class*=elementor-size-]>a{color:inherit;font-size:inherit;line-height:inherit}.elementor-widget-heading .elementor-heading-title.elementor-size-small{font-size:15px}.elementor-widget-heading .elementor-heading-title.elementor-size-medium{font-size:19px}.elementor-widget-heading .elementor-heading-title.elementor-size-large{font-size:29px}.elementor-widget-heading .elementor-heading-title.elementor-size-xl{font-size:39px}.elementor-widget-heading .elementor-heading-title.elementor-size-xxl{font-size:59px}<\/style><h1 class=\"elementor-heading-title elementor-size-default\">keynote speaker<\/h1>\t\t<\/div>\n\t\t\t\t<\/div>\n\t\t\t\t\t<\/div>\n\t\t\t\t<\/div>\n\t\t<div class=\"elementor-element elementor-element-8b7937e e-flex e-con-boxed e-con e-parent\" data-id=\"8b7937e\" data-element_type=\"container\" data-settings=\"{&quot;content_width&quot;:&quot;boxed&quot;}\" data-core-v316-plus=\"true\">\n\t\t\t\t\t<div class=\"e-con-inner\">\n\t\t\t\t<div class=\"elementor-element elementor-element-e6a2618 elementor-widget elementor-widget-spacer\" data-id=\"e6a2618\" data-element_type=\"widget\" data-widget_type=\"spacer.default\">\n\t\t\t\t<div class=\"elementor-widget-container\">\n\t\t\t<style>\/*! elementor - v3.17.0 - 25-10-2023 *\/\n.elementor-column .elementor-spacer-inner{height:var(--spacer-size)}.e-con{--container-widget-width:100%}.e-con-inner>.elementor-widget-spacer,.e-con>.elementor-widget-spacer{width:var(--container-widget-width,var(--spacer-size));--align-self:var(--container-widget-align-self,initial);--flex-shrink:0}.e-con-inner>.elementor-widget-spacer>.elementor-widget-container,.e-con>.elementor-widget-spacer>.elementor-widget-container{height:100%;width:100%}.e-con-inner>.elementor-widget-spacer>.elementor-widget-container>.elementor-spacer,.e-con>.elementor-widget-spacer>.elementor-widget-container>.elementor-spacer{height:100%}.e-con-inner>.elementor-widget-spacer>.elementor-widget-container>.elementor-spacer>.elementor-spacer-inner,.e-con>.elementor-widget-spacer>.elementor-widget-container>.elementor-spacer>.elementor-spacer-inner{height:var(--container-widget-height,var(--spacer-size))}.e-con-inner>.elementor-widget-spacer.elementor-widget-empty,.e-con>.elementor-widget-spacer.elementor-widget-empty{position:relative;min-height:22px;min-width:22px}.e-con-inner>.elementor-widget-spacer.elementor-widget-empty .elementor-widget-empty-icon,.e-con>.elementor-widget-spacer.elementor-widget-empty .elementor-widget-empty-icon{position:absolute;top:0;bottom:0;left:0;right:0;margin:auto;padding:0;width:22px;height:22px}<\/style>\t\t<div class=\"elementor-spacer\">\n\t\t\t<div class=\"elementor-spacer-inner\"><\/div>\n\t\t<\/div>\n\t\t\t\t<\/div>\n\t\t\t\t<\/div>\n\t\t\t\t\t<\/div>\n\t\t\t\t<\/div>\n\t\t<div class=\"elementor-element elementor-element-1febc24 e-flex e-con-boxed e-con e-parent\" data-id=\"1febc24\" data-element_type=\"container\" data-settings=\"{&quot;content_width&quot;:&quot;boxed&quot;}\" data-core-v316-plus=\"true\">\n\t\t\t\t\t<div class=\"e-con-inner\">\n\t\t<div class=\"elementor-element elementor-element-b2b81d6 e-con-full e-flex e-con e-child\" data-id=\"b2b81d6\" data-element_type=\"container\" data-settings=\"{&quot;content_width&quot;:&quot;full&quot;}\">\n\t\t\t\t<div class=\"elementor-element elementor-element-eb498f9 elementor-widget elementor-widget-image\" data-id=\"eb498f9\" data-element_type=\"widget\" data-widget_type=\"image.default\">\n\t\t\t\t<div class=\"elementor-widget-container\">\n\t\t\t<style>\/*! elementor - v3.17.0 - 25-10-2023 *\/\n.elementor-widget-image{text-align:center}.elementor-widget-image a{display:inline-block}.elementor-widget-image a img[src$=\".svg\"]{width:48px}.elementor-widget-image img{vertical-align:middle;display:inline-block}<\/style>\t\t\t\t\t\t\t\t\t\t\t\t<img fetchpriority=\"high\" decoding=\"async\" width=\"450\" height=\"675\" src=\"https:\/\/iclrc.unm.edu\/clasic\/wp-content\/uploads\/2024\/04\/sisoka_big.webp\" class=\"attachment-large size-large wp-image-1545\" alt=\"\" srcset=\"https:\/\/iclrc.unm.edu\/clasic\/wp-content\/uploads\/2024\/04\/sisoka_big.webp 450w, https:\/\/iclrc.unm.edu\/clasic\/wp-content\/uploads\/2024\/04\/sisoka_big-200x300.webp 200w\" sizes=\"(max-width: 450px) 100vw, 450px\" \/>\t\t\t\t\t\t\t\t\t\t\t\t\t\t\t<\/div>\n\t\t\t\t<\/div>\n\t\t\t\t<\/div>\n\t\t<div class=\"elementor-element elementor-element-63115b9 e-con-full e-flex e-con e-child\" data-id=\"63115b9\" data-element_type=\"container\" data-settings=\"{&quot;content_width&quot;:&quot;full&quot;}\">\n\t\t\t\t<div class=\"elementor-element elementor-element-1993f1b elementor-widget elementor-widget-heading\" data-id=\"1993f1b\" data-element_type=\"widget\" data-widget_type=\"heading.default\">\n\t\t\t\t<div class=\"elementor-widget-container\">\n\t\t\t<h2 class=\"elementor-heading-title elementor-size-default\">\u0160I\u0160\u00d3KA D\u00daTA\u200b<\/h2>\t\t<\/div>\n\t\t\t\t<\/div>\n\t\t\t\t<div class=\"elementor-element elementor-element-6896696 elementor-widget elementor-widget-text-editor\" data-id=\"6896696\" data-element_type=\"widget\" data-widget_type=\"text-editor.default\">\n\t\t\t\t<div class=\"elementor-widget-container\">\n\t\t\t<style>\/*! elementor - v3.17.0 - 25-10-2023 *\/\n.elementor-widget-text-editor.elementor-drop-cap-view-stacked .elementor-drop-cap{background-color:#69727d;color:#fff}.elementor-widget-text-editor.elementor-drop-cap-view-framed .elementor-drop-cap{color:#69727d;border:3px solid;background-color:transparent}.elementor-widget-text-editor:not(.elementor-drop-cap-view-default) .elementor-drop-cap{margin-top:8px}.elementor-widget-text-editor:not(.elementor-drop-cap-view-default) .elementor-drop-cap-letter{width:1em;height:1em}.elementor-widget-text-editor .elementor-drop-cap{float:left;text-align:center;line-height:1;font-size:50px}.elementor-widget-text-editor .elementor-drop-cap-letter{display:inline-block}<\/style>\t\t\t\tDakh\u00f3ta \u010dha\u017e\u00e9 k\u2019\u00fapi ki\u014b \u0160i\u0161\u00f3ka D\u00fata e\u010d\u00edyapi. Wa\u0161\u00ed\u010du i\u00e1 Joe Bendickson e\u010d\u00edyapi. Dakh\u00f3ta wi\u010dh\u00e1\u0161ta k\u2019a Bd\u00e9 Hdak\u00ed\u014bya\u014b oy\u00e1\u014bke \u00e9d ow\u00e1pi k\u2019a nak\u00fa\u014b Sis\u00edthu\u014bwa\u014b Wa\u021fp\u00e9thu\u014bwa\u014b oy\u00e1te et\u00e1\u014bha\u014b. Wa\u014bn\u00e1 d\u00e9 \u00f3makha 24 heh\u00e1\u014bya\u014b Dakh\u00f3d\u2019iapi u\u014bsp\u00e9i\u010d\u2019i\u010dhiye. \u00d3makha 14 heh\u00e1\u014bya\u014b Mn\u00edsota W\u00f3u\u014bspe Wa\u014bk\u00e1ntuya \u00e9d Dakh\u00f3d\u2019iapi wa\u00fa\u014bspew\u00ed\u010dhakhiye. Wa\u014bn\u00e1 d\u00e9 Dakh\u00f3ta I\u00e1pi Okh\u00f3daki\u010dhiye \u00e9d \u021ftan\u00ed k\u2019a Dakh\u00f3d I\u00e1pi Wi\u010dh\u00f3ie W\u00f3wapi app ki\u014b ap\u00edya ow\u00e1 ith\u00e1\u014b\u010dha\u014b h\u00e9\u010dha. \u0160i\u0161\u00f3ka D\u00fata Dakh\u00f3d\u2019iapi n\u00edna thek\u00ed\u021fi\u014bda k\u2019a thok\u00e1takiya Dakh\u00f3d\u2019iapi n\u00ed kta \u010dh\u00ed\u014b. H\u00e9 u\u014b he wa\u014bn\u00e1 d\u00e9 i\u00e1pi ki\u014b aw\u00e1\u021ftani k\u2019a w\u00f3wapi k\u00e1\u01e7e k\u2019a nak\u00fa\u014b th\u00e9\u010dapi ki\u014b u\u014bsp\u00e9wi\u010dhakhiye.<br><br>\nHis Dakota name is Sisoka Duta. In English he is called Joe Bendickson. He is Dakota and is enrolled at the Lake Traverse reservation and is from the Sisseton Wahpeton Nation. He has been learning the Dakota language for 24 years. He taught the Dakota language at the University of Minnesota for 14 years. Now he works at Dakhota Iapi Okhodakichiye (Dakota Language Society) and is the editor of the Dakota language dictionary app. Sisoka Duta loves the Dakota language and wishes it to live into the future. So that\u2019s why he works on the language, creates materials, and teaches the next generation. He was inspired by his mother to start the Dakota language nest. She wanted her children, grandchildren, and all Dakota children to have the opportunity to learn their language. Thanks to the generous support and collaboration with Sheila Williams Ridge and the Child Development Laboratory School, they were able to start the Dakota language nest in September 2022.<br><br>\n\n<b>Title of the Talk:<\/b> Dakh\u00f3d\u2019iapi Wah\u00f3\u021fpi: S\u00fa O\u017e\u00fapi H\u00e9\u010dhed I\u00e1pi ki\u014b I\u010dh\u00e1\u01e7e kte<br>\n<b>English Title:<\/b> Dakota Language Nest: Planting Seeds so the Language will Grow.\t\t\t\t\t\t<\/div>\n\t\t\t\t<\/div>\n\t\t\t\t<\/div>\n\t\t\t\t\t<\/div>\n\t\t\t\t<\/div>\n\t\t<div class=\"elementor-element elementor-element-085c625 e-flex e-con-boxed e-con e-parent\" data-id=\"085c625\" data-element_type=\"container\" data-settings=\"{&quot;content_width&quot;:&quot;boxed&quot;}\" data-core-v316-plus=\"true\">\n\t\t\t\t\t<div class=\"e-con-inner\">\n\t\t\t\t<div class=\"elementor-element elementor-element-783974e elementor-widget elementor-widget-spacer\" data-id=\"783974e\" data-element_type=\"widget\" data-widget_type=\"spacer.default\">\n\t\t\t\t<div class=\"elementor-widget-container\">\n\t\t\t\t\t<div class=\"elementor-spacer\">\n\t\t\t<div class=\"elementor-spacer-inner\"><\/div>\n\t\t<\/div>\n\t\t\t\t<\/div>\n\t\t\t\t<\/div>\n\t\t\t\t\t<\/div>\n\t\t\t\t<\/div>\n\t\t\t\t\t\t\t<\/div>\n\t\t","protected":false},"excerpt":{"rendered":"<p>keynote speaker \u0160I\u0160\u00d3KA D\u00daTA\u200b Dakh\u00f3ta \u010dha\u017e\u00e9 k\u2019\u00fapi ki\u014b \u0160i\u0161\u00f3ka D\u00fata e\u010d\u00edyapi. Wa\u0161\u00ed\u010du i\u00e1 Joe Bendickson e\u010d\u00edyapi. Dakh\u00f3ta wi\u010dh\u00e1\u0161ta k\u2019a Bd\u00e9 Hdak\u00ed\u014bya\u014b oy\u00e1\u014bke \u00e9d ow\u00e1pi k\u2019a nak\u00fa\u014b Sis\u00edthu\u014bwa\u014b Wa\u021fp\u00e9thu\u014bwa\u014b oy\u00e1te et\u00e1\u014bha\u014b. Wa\u014bn\u00e1 d\u00e9 \u00f3makha 24 heh\u00e1\u014bya\u014b Dakh\u00f3d\u2019iapi u\u014bsp\u00e9i\u010d\u2019i\u010dhiye. \u00d3makha 14 heh\u00e1\u014bya\u014b Mn\u00edsota W\u00f3u\u014bspe Wa\u014bk\u00e1ntuya \u00e9d Dakh\u00f3d\u2019iapi wa\u00fa\u014bspew\u00ed\u010dhakhiye. Wa\u014bn\u00e1 d\u00e9 Dakh\u00f3ta I\u00e1pi Okh\u00f3daki\u010dhiye \u00e9d \u021ftan\u00ed k\u2019a Dakh\u00f3d &hellip;<\/p>\n<p class=\"read-more\"> <a class=\"\" href=\"https:\/\/iclrc.unm.edu\/clasic\/sisoka-duta\/\"> <span class=\"screen-reader-text\">\u0160i\u0161\u00f3ka D\u00fata<\/span> Read More &raquo;<\/a><\/p>\n","protected":false},"author":1,"featured_media":0,"parent":0,"menu_order":0,"comment_status":"closed","ping_status":"closed","template":"","meta":{"site-sidebar-layout":"no-sidebar","site-content-layout":"page-builder","ast-site-content-layout":"full-width-container","site-content-style":"default","site-sidebar-style":"default","ast-global-header-display":"","ast-banner-title-visibility":"","ast-main-header-display":"","ast-hfb-above-header-display":"","ast-hfb-below-header-display":"","ast-hfb-mobile-header-display":"","site-post-title":"disabled","ast-breadcrumbs-content":"","ast-featured-img":"disabled","footer-sml-layout":"","theme-transparent-header-meta":"","adv-header-id-meta":"","stick-header-meta":"","header-above-stick-meta":"","header-main-stick-meta":"","header-below-stick-meta":"","astra-migrate-meta-layouts":"set","ast-page-background-enabled":"default","ast-page-background-meta":{"desktop":{"background-color":"","background-image":"","background-repeat":"repeat","background-position":"center center","background-size":"auto","background-attachment":"scroll","background-type":"","background-media":"","overlay-type":"","overlay-color":"","overlay-gradient":""},"tablet":{"background-color":"","background-image":"","background-repeat":"repeat","background-position":"center center","background-size":"auto","background-attachment":"scroll","background-type":"","background-media":"","overlay-type":"","overlay-color":"","overlay-gradient":""},"mobile":{"background-color":"","background-image":"","background-repeat":"repeat","background-position":"center center","background-size":"auto","background-attachment":"scroll","background-type":"","background-media":"","overlay-type":"","overlay-color":"","overlay-gradient":""}},"ast-content-background-meta":{"desktop":{"background-color":"var(--ast-global-color-5)","background-image":"","background-repeat":"repeat","background-position":"center center","background-size":"auto","background-attachment":"scroll","background-type":"","background-media":"","overlay-type":"","overlay-color":"","overlay-gradient":""},"tablet":{"background-color":"var(--ast-global-color-5)","background-image":"","background-repeat":"repeat","background-position":"center center","background-size":"auto","background-attachment":"scroll","background-type":"","background-media":"","overlay-type":"","overlay-color":"","overlay-gradient":""},"mobile":{"background-color":"var(--ast-global-color-5)","background-image":"","background-repeat":"repeat","background-position":"center center","background-size":"auto","background-attachment":"scroll","background-type":"","background-media":"","overlay-type":"","overlay-color":"","overlay-gradient":""}},"footnotes":""},"class_list":["post-1468","page","type-page","status-publish","hentry"],"_links":{"self":[{"href":"https:\/\/iclrc.unm.edu\/clasic\/wp-json\/wp\/v2\/pages\/1468","targetHints":{"allow":["GET"]}}],"collection":[{"href":"https:\/\/iclrc.unm.edu\/clasic\/wp-json\/wp\/v2\/pages"}],"about":[{"href":"https:\/\/iclrc.unm.edu\/clasic\/wp-json\/wp\/v2\/types\/page"}],"author":[{"embeddable":true,"href":"https:\/\/iclrc.unm.edu\/clasic\/wp-json\/wp\/v2\/users\/1"}],"replies":[{"embeddable":true,"href":"https:\/\/iclrc.unm.edu\/clasic\/wp-json\/wp\/v2\/comments?post=1468"}],"version-history":[{"count":31,"href":"https:\/\/iclrc.unm.edu\/clasic\/wp-json\/wp\/v2\/pages\/1468\/revisions"}],"predecessor-version":[{"id":1567,"href":"https:\/\/iclrc.unm.edu\/clasic\/wp-json\/wp\/v2\/pages\/1468\/revisions\/1567"}],"wp:attachment":[{"href":"https:\/\/iclrc.unm.edu\/clasic\/wp-json\/wp\/v2\/media?parent=1468"}],"curies":[{"name":"wp","href":"https:\/\/api.w.org\/{rel}","templated":true}]}}